{"id":239,"date":"2024-10-22T05:55:28","date_gmt":"2024-10-22T03:55:28","guid":{"rendered":"https:\/\/drsmotor12.com\/?page_id=239"},"modified":"2024-10-22T06:27:57","modified_gmt":"2024-10-22T04:27:57","slug":"reparacion-de-los-sistemas-electronicos-y-electricos-de-tu-vehiculo","status":"publish","type":"page","link":"https:\/\/drsmotor12.com\/en\/reparacion-de-los-sistemas-electronicos-y-electricos-de-tu-vehiculo\/","title":{"rendered":"Reparaci\u00f3n de los sistemas electr\u00f3nicos y el\u00e9ctricos de tu veh\u00edculo"},"content":{"rendered":"<div data-elementor-type=\"wp-page\" data-elementor-id=\"239\" class=\"elementor elementor-239\" data-elementor-post-type=\"page\">\n\t\t\t\t\t\t<section class=\"elementor-section elementor-top-section elementor-element elementor-element-460c4da elementor-section-full_width elementor-section-height-min-height elementor-section-height-default elementor-section-items-middle sc_fly_static\" data-id=\"460c4da\" data-element_type=\"section\" data-settings=\"{&quot;background_background&quot;:&quot;classic&quot;}\">\n\t\t\t\t\t\t<div class=\"elementor-container elementor-column-gap-extended\">\n\t\t\t\t\t<div class=\"elementor-column elementor-col-100 elementor-top-column elementor-element elementor-element-6c947f6 sc_content_align_inherit sc_layouts_column_icons_position_left sc_fly_static\" data-id=\"6c947f6\" data-element_type=\"column\">\n\t\t\t<div class=\"elementor-widget-wrap\">\n\t\t\t\t\t\t\t<\/div>\n\t\t<\/div>\n\t\t\t\t\t<\/div>\n\t\t<\/section>\n\t\t\t\t<\/div>","protected":false},"excerpt":{"rendered":"","protected":false},"author":1,"featured_media":0,"parent":0,"menu_order":0,"comment_status":"closed","ping_status":"closed","template":"","meta":{"_joinchat":[],"footnotes":""},"class_list":["post-239","page","type-page","status-publish","hentry"],"_links":{"self":[{"href":"https:\/\/drsmotor12.com\/en\/wp-json\/wp\/v2\/pages\/239","targetHints":{"allow":["GET"]}}],"collection":[{"href":"https:\/\/drsmotor12.com\/en\/wp-json\/wp\/v2\/pages"}],"about":[{"href":"https:\/\/drsmotor12.com\/en\/wp-json\/wp\/v2\/types\/page"}],"author":[{"embeddable":true,"href":"https:\/\/drsmotor12.com\/en\/wp-json\/wp\/v2\/users\/1"}],"replies":[{"embeddable":true,"href":"https:\/\/drsmotor12.com\/en\/wp-json\/wp\/v2\/comments?post=239"}],"version-history":[{"count":5,"href":"https:\/\/drsmotor12.com\/en\/wp-json\/wp\/v2\/pages\/239\/revisions"}],"predecessor-version":[{"id":252,"href":"https:\/\/drsmotor12.com\/en\/wp-json\/wp\/v2\/pages\/239\/revisions\/252"}],"wp:attachment":[{"href":"https:\/\/drsmotor12.com\/en\/wp-json\/wp\/v2\/media?parent=239"}],"curies":[{"name":"wp","href":"https:\/\/api.w.org\/{rel}","templated":true}]}}