{"id":319,"date":"2024-10-23T22:15:51","date_gmt":"2024-10-23T20:15:51","guid":{"rendered":"https:\/\/drsmotor12.com\/?page_id=319"},"modified":"2024-10-29T10:34:06","modified_gmt":"2024-10-29T09:34:06","slug":"accesibilidad","status":"publish","type":"page","link":"https:\/\/drsmotor12.com\/en\/accesibilidad\/","title":{"rendered":"Declaraci\u00f3n de Accesibilidad"},"content":{"rendered":"<div data-elementor-type=\"wp-page\" data-elementor-id=\"319\" class=\"elementor elementor-319\" data-elementor-post-type=\"page\">\n\t\t\t\t\t\t<section class=\"elementor-section elementor-top-section elementor-element elementor-element-a687021 elementor-section-boxed elementor-section-height-default elementor-section-height-default sc_fly_static\" data-id=\"a687021\" data-element_type=\"section\">\n\t\t\t\t\t\t<div class=\"elementor-container elementor-column-gap-extended\">\n\t\t\t\t\t<div class=\"elementor-column elementor-col-100 elementor-top-column elementor-element elementor-element-795aa48 sc_content_align_inherit sc_layouts_column_icons_position_left sc_fly_static\" data-id=\"795aa48\" data-element_type=\"column\">\n\t\t\t<div class=\"elementor-widget-wrap elementor-element-populated\">\n\t\t\t\t\t\t<div class=\"elementor-element elementor-element-fe16cd6 sc_fly_static elementor-widget elementor-widget-text-editor\" data-id=\"fe16cd6\" data-element_type=\"widget\" data-widget_type=\"text-editor.default\">\n\t\t\t\t<div class=\"elementor-widget-container\">\n\t\t\t\t\t\t\t\t\t<p>La presente declaraci\u00f3n de accesibilidad se aplica al sitio web https:\/\/drsmotor12.com\/<\/p><h3 class=\"wp-block-heading\">Pol\u00edtica de accesibilidad<\/h3><p><strong>Diagnostics &amp; Remapping Solutions S.L.<\/strong> con <strong>NIF: B93360485<\/strong> se ha comprometido a hacer accesible su sitio webhttps:\/\/drsmotor12.com\/\u00a0 de conformidad con el Real Decreto 1112\/2018, de 7 de septiembre, sobre accesibilidad de los sitios web y aplicaciones para dispositivos m\u00f3viles del sector p\u00fablico, o desarrollos financiados desde Europa.<\/p><p>La presente declaraci\u00f3n de accesibilidad se aplica al sitio web https:\/\/drsmotor12.com\/ excluyendo los contenidos incrustados provenientes de otros dominios.<\/p><p><strong>Situaci\u00f3n de cumplimiento<\/strong><\/p><p>Este sitio web es\u00a0<strong>Parcialmente conforme<\/strong>\u00a0con el RD 1112\/2018 debido a la falta de conformidad de los aspectos que se indican a continuaci\u00f3n.<\/p><h3 class=\"wp-block-heading\">Contenido no accesible<\/h3><p>El contenido que se recoge a continuaci\u00f3n no es accesible por los siguientes motivos:<\/p><p><strong>Falta de conformidad<\/strong>:<\/p><p>Pueden existir algunas im\u00e1genes cuya alternativa no est\u00e9 implementada o no sea correcta \u2013 \u2013 Requisito 9.1.1.1 Contenido no textual UNE-EN 301549:2022 En los formularios, puede haber campos que no se hayan facilitado su rellenado a trav\u00e9s de sistemas autom\u00e1ticos \u2013 Requisito 9.1.3.5 Identificar el prop\u00f3sito de la entrada UNE-EN 301549:2022 Podr\u00edan existir fallos puntuales de edici\u00f3n en alguna p\u00e1gina web.Carga desproporcionada: No resulta aplicable.El contenido no entra dentro del \u00e1mbito de la legislaci\u00f3n aplicable.<\/p><p>Podr\u00edan existir archivos ofim\u00e1ticos en PDF u otros formatos publicados antes del 20 de septiembre de 2018 que no cumplan en su totalidad todos los requisitos de accesibilidad.Puede haber contenidos de terceros que no est\u00e9n desarrollados en esta Unidad, ni bajo su control, como archivos ofim\u00e1ticos de diferentes organismos que deban publicarse en este sitio.<\/p><h3 class=\"wp-block-heading\">Observaciones y datos de contacto<\/h3><p>Puede realizar comunicaciones sobre requisitos de accesibilidad [art\u00edculo 10.2.a) del RD 1112\/2018] como, por ejemplo:<br \/>Informar sobre cualquier posible incumplimiento por parte de este sitio web. Transmitir otras dificultades de acceso al contenido.Formular cualquier otra consulta o sugerencia de mejora relativa a la accesibilidad del sitio web a trav\u00e9s del siguiente\u00a0formulario de contacto o llamando al tel\u00e9fono +34 636 15 80 50\u00a0de 9 a 14 horas de martes a viernes.<\/p><p><strong>Puede presentar:<\/strong><br \/>Una queja relativa al cumplimiento de los requisitos del RD 1112\/2018 Una solicitud de informaci\u00f3n accesible relativa a:Contenidos que est\u00e1n excluidos del \u00e1mbito de aplicaci\u00f3n del RD 1112\/2018 seg\u00fan lo establecido por el art\u00edculo 3, apartado 4.Contenidos que est\u00e1n exentos del cumplimiento de los requisitos de accesibilidad por imponer una carga desproporcionada.<\/p><p>En la solicitud de informaci\u00f3n accesible, se debe concretar, con toda claridad, los hechos, razones y petici\u00f3n que permitan constatar que se trata de una solicitud razonable y leg\u00edtima.<\/p><h3 class=\"wp-block-heading\">CONTENIDO OPCIONAL<\/h3><p>Esta web esta dise\u00f1ado para poder cambiar el tama\u00f1o del texto y el color, as\u00ed como el fondo de la pagina mediante las opciones de configuraci\u00f3n est\u00e1ndar de los navegadores.<\/p><p>Si desea cambiar el tama\u00f1o de letra del texto en los principales navegadores gr\u00e1ficos utilice los siguientes men\u00fas:<\/p><ul><li>Internet Explorer, Mozilla y Firefox: Ver &gt; Tama\u00f1o del texto<\/li><li>Opera: Ver &gt; Zoom<\/li><li>Safari: Ver &gt; Hacer el texto m\u00e1s grande<\/li><li>Chrome: Controla la pagina actual &gt; Tama\u00f1o del texto<\/li><li>Para modificar el tama\u00f1o de todo en la p\u00e1gina:<ul><li>Ctrl + + para aumentarlo<\/li><li>Ctrl + \u2013 para disminuirlo<\/li><li>Ctrl + 0 restaura el tama\u00f1o original del texto<\/li><\/ul><\/li><\/ul>\t\t\t\t\t\t\t\t<\/div>\n\t\t\t\t<\/div>\n\t\t\t\t\t<\/div>\n\t\t<\/div>\n\t\t\t\t\t<\/div>\n\t\t<\/section>\n\t\t\t\t<\/div>","protected":false},"excerpt":{"rendered":"<p>La presente declaraci\u00f3n de accesibilidad se aplica al sitio web https:\/\/drsmotor12.com\/ Pol\u00edtica de accesibilidad Diagnostics &amp; Remapping Solutions S.L. con NIF: B93360485 se ha comprometido a hacer accesible su sitio&hellip;<\/p>","protected":false},"author":1,"featured_media":0,"parent":0,"menu_order":0,"comment_status":"closed","ping_status":"closed","template":"","meta":{"_joinchat":[],"footnotes":""},"class_list":["post-319","page","type-page","status-publish","hentry"],"_links":{"self":[{"href":"https:\/\/drsmotor12.com\/en\/wp-json\/wp\/v2\/pages\/319","targetHints":{"allow":["GET"]}}],"collection":[{"href":"https:\/\/drsmotor12.com\/en\/wp-json\/wp\/v2\/pages"}],"about":[{"href":"https:\/\/drsmotor12.com\/en\/wp-json\/wp\/v2\/types\/page"}],"author":[{"embeddable":true,"href":"https:\/\/drsmotor12.com\/en\/wp-json\/wp\/v2\/users\/1"}],"replies":[{"embeddable":true,"href":"https:\/\/drsmotor12.com\/en\/wp-json\/wp\/v2\/comments?post=319"}],"version-history":[{"count":5,"href":"https:\/\/drsmotor12.com\/en\/wp-json\/wp\/v2\/pages\/319\/revisions"}],"predecessor-version":[{"id":740,"href":"https:\/\/drsmotor12.com\/en\/wp-json\/wp\/v2\/pages\/319\/revisions\/740"}],"wp:attachment":[{"href":"https:\/\/drsmotor12.com\/en\/wp-json\/wp\/v2\/media?parent=319"}],"curies":[{"name":"wp","href":"https:\/\/api.w.org\/{rel}","templated":true}]}}