{"id":46,"date":"2020-05-27T13:28:19","date_gmt":"2020-05-27T13:28:19","guid":{"rendered":"https:\/\/drsmotor12.com\/index.php\/our-team\/"},"modified":"2024-10-25T10:21:07","modified_gmt":"2024-10-25T08:21:07","slug":"nosotros","status":"publish","type":"page","link":"https:\/\/drsmotor12.com\/en\/nosotros\/","title":{"rendered":"Nosotros"},"content":{"rendered":"<div data-elementor-type=\"wp-page\" data-elementor-id=\"46\" class=\"elementor elementor-46\" data-elementor-post-type=\"page\">\n\t\t\t\t\t\t<section class=\"elementor-section elementor-top-section elementor-element elementor-element-3cfdc38 elementor-section-boxed elementor-section-height-default elementor-section-height-default sc_fly_static\" data-id=\"3cfdc38\" data-element_type=\"section\">\n\t\t\t\t\t\t<div class=\"elementor-container elementor-column-gap-extended\">\n\t\t\t\t\t<div class=\"elementor-column elementor-col-100 elementor-top-column elementor-element elementor-element-57f3237 sc_content_align_inherit sc_layouts_column_icons_position_left sc_fly_static\" data-id=\"57f3237\" data-element_type=\"column\">\n\t\t\t<div class=\"elementor-widget-wrap elementor-element-populated\">\n\t\t\t\t\t\t<div class=\"elementor-element elementor-element-51735fb sc_layouts_hide_on_notebook sc_layouts_hide_on_tablet sc_layouts_hide_on_mobile sc_fly_static elementor-widget elementor-widget-spacer\" data-id=\"51735fb\" data-element_type=\"widget\" data-widget_type=\"spacer.default\">\n\t\t\t\t<div class=\"elementor-widget-container\">\n\t\t\t\t\t\t\t<div class=\"elementor-spacer\">\n\t\t\t<div class=\"elementor-spacer-inner\"><\/div>\n\t\t<\/div>\n\t\t\t\t\t\t<\/div>\n\t\t\t\t<\/div>\n\t\t\t\t<div class=\"elementor-element elementor-element-a9191e1 sc_fly_static elementor-widget elementor-widget-heading\" data-id=\"a9191e1\" data-element_type=\"widget\" data-widget_type=\"heading.default\">\n\t\t\t\t<div class=\"elementor-widget-container\">\n\t\t\t\t\t<h2 class=\"elementor-heading-title elementor-size-default\">Equipo<\/h2>\t\t\t\t<\/div>\n\t\t\t\t<\/div>\n\t\t\t\t<section class=\"elementor-section elementor-inner-section elementor-element elementor-element-049cf01 elementor-section-boxed elementor-section-height-default elementor-section-height-default sc_fly_static\" data-id=\"049cf01\" data-element_type=\"section\">\n\t\t\t\t\t\t<div class=\"elementor-container elementor-column-gap-extended\">\n\t\t\t\t\t<div class=\"elementor-column elementor-col-33 elementor-inner-column elementor-element elementor-element-b36c1eb sc_content_align_inherit sc_layouts_column_icons_position_left sc_fly_static\" data-id=\"b36c1eb\" data-element_type=\"column\">\n\t\t\t<div class=\"elementor-widget-wrap elementor-element-populated\">\n\t\t\t\t\t\t<div class=\"elementor-element elementor-element-3afc738 sc_fly_static elementor-widget elementor-widget-image\" data-id=\"3afc738\" data-element_type=\"widget\" data-widget_type=\"image.default\">\n\t\t\t\t<div class=\"elementor-widget-container\">\n\t\t\t\t\t\t\t\t\t\t\t\t\t\t\t<img fetchpriority=\"high\" decoding=\"async\" width=\"1024\" height=\"1024\" src=\"https:\/\/drsmotor12.com\/wp-content\/uploads\/2024\/10\/pedro-valencia-drsmotor12-1024x1024.jpeg\" class=\"attachment-large size-large wp-image-260\" alt=\"\" srcset=\"https:\/\/drsmotor12.com\/wp-content\/uploads\/2024\/10\/pedro-valencia-drsmotor12-1024x1024.jpeg 1024w, https:\/\/drsmotor12.com\/wp-content\/uploads\/2024\/10\/pedro-valencia-drsmotor12-300x300.jpeg 300w, https:\/\/drsmotor12.com\/wp-content\/uploads\/2024\/10\/pedro-valencia-drsmotor12-150x150.jpeg 150w, https:\/\/drsmotor12.com\/wp-content\/uploads\/2024\/10\/pedro-valencia-drsmotor12-768x768.jpeg 768w, https:\/\/drsmotor12.com\/wp-content\/uploads\/2024\/10\/pedro-valencia-drsmotor12-370x370.jpeg 370w, https:\/\/drsmotor12.com\/wp-content\/uploads\/2024\/10\/pedro-valencia-drsmotor12-120x120.jpeg 120w, https:\/\/drsmotor12.com\/wp-content\/uploads\/2024\/10\/pedro-valencia-drsmotor12-840x840.jpeg 840w, https:\/\/drsmotor12.com\/wp-content\/uploads\/2024\/10\/pedro-valencia-drsmotor12-410x410.jpeg 410w, https:\/\/drsmotor12.com\/wp-content\/uploads\/2024\/10\/pedro-valencia-drsmotor12.jpeg 1080w\" sizes=\"(max-width: 1024px) 100vw, 1024px\" title=\"\">\t\t\t\t\t\t\t\t\t\t\t\t\t\t\t<\/div>\n\t\t\t\t<\/div>\n\t\t\t\t\t<\/div>\n\t\t<\/div>\n\t\t\t\t<div class=\"elementor-column elementor-col-33 elementor-inner-column elementor-element elementor-element-1337d09 sc_content_align_inherit sc_layouts_column_icons_position_left sc_fly_static\" data-id=\"1337d09\" data-element_type=\"column\">\n\t\t\t<div class=\"elementor-widget-wrap elementor-element-populated\">\n\t\t\t\t\t\t<div class=\"elementor-element elementor-element-d92223a sc_fly_static elementor-widget elementor-widget-image\" data-id=\"d92223a\" data-element_type=\"widget\" data-widget_type=\"image.default\">\n\t\t\t\t<div class=\"elementor-widget-container\">\n\t\t\t\t\t\t\t\t\t\t\t\t\t\t\t<img decoding=\"async\" width=\"1024\" height=\"1024\" data-src=\"https:\/\/drsmotor12.com\/wp-content\/uploads\/2024\/10\/antonio-cisneros-drsmotor12-1024x1024.jpeg\" class=\"attachment-large size-large wp-image-259 lazyload\" alt=\"\" data-srcset=\"https:\/\/drsmotor12.com\/wp-content\/uploads\/2024\/10\/antonio-cisneros-drsmotor12-1024x1024.jpeg 1024w, https:\/\/drsmotor12.com\/wp-content\/uploads\/2024\/10\/antonio-cisneros-drsmotor12-300x300.jpeg 300w, https:\/\/drsmotor12.com\/wp-content\/uploads\/2024\/10\/antonio-cisneros-drsmotor12-150x150.jpeg 150w, https:\/\/drsmotor12.com\/wp-content\/uploads\/2024\/10\/antonio-cisneros-drsmotor12-768x768.jpeg 768w, https:\/\/drsmotor12.com\/wp-content\/uploads\/2024\/10\/antonio-cisneros-drsmotor12-370x370.jpeg 370w, https:\/\/drsmotor12.com\/wp-content\/uploads\/2024\/10\/antonio-cisneros-drsmotor12-120x120.jpeg 120w, https:\/\/drsmotor12.com\/wp-content\/uploads\/2024\/10\/antonio-cisneros-drsmotor12-840x840.jpeg 840w, https:\/\/drsmotor12.com\/wp-content\/uploads\/2024\/10\/antonio-cisneros-drsmotor12-410x410.jpeg 410w, https:\/\/drsmotor12.com\/wp-content\/uploads\/2024\/10\/antonio-cisneros-drsmotor12.jpeg 1080w\" data-sizes=\"(max-width: 1024px) 100vw, 1024px\" title=\"\" src=\"data:image\/svg+xml;base64,PHN2ZyB3aWR0aD0iMSIgaGVpZ2h0PSIxIiB4bWxucz0iaHR0cDovL3d3dy53My5vcmcvMjAwMC9zdmciPjwvc3ZnPg==\" style=\"--smush-placeholder-width: 1024px; --smush-placeholder-aspect-ratio: 1024\/1024;\">\t\t\t\t\t\t\t\t\t\t\t\t\t\t\t<\/div>\n\t\t\t\t<\/div>\n\t\t\t\t\t<\/div>\n\t\t<\/div>\n\t\t\t\t<div class=\"elementor-column elementor-col-33 elementor-inner-column elementor-element elementor-element-6859df6 sc_content_align_inherit sc_layouts_column_icons_position_left sc_fly_static\" data-id=\"6859df6\" data-element_type=\"column\">\n\t\t\t<div class=\"elementor-widget-wrap elementor-element-populated\">\n\t\t\t\t\t\t<div class=\"elementor-element elementor-element-63c907f sc_fly_static elementor-widget elementor-widget-image\" data-id=\"63c907f\" data-element_type=\"widget\" data-widget_type=\"image.default\">\n\t\t\t\t<div class=\"elementor-widget-container\">\n\t\t\t\t\t\t\t\t\t\t\t\t\t\t\t<img decoding=\"async\" width=\"1024\" height=\"1024\" data-src=\"https:\/\/drsmotor12.com\/wp-content\/uploads\/2024\/10\/inmaculada-alcaide-drsmotor12-1024x1024.jpeg\" class=\"attachment-large size-large wp-image-261 lazyload\" alt=\"\" data-srcset=\"https:\/\/drsmotor12.com\/wp-content\/uploads\/2024\/10\/inmaculada-alcaide-drsmotor12-1024x1024.jpeg 1024w, https:\/\/drsmotor12.com\/wp-content\/uploads\/2024\/10\/inmaculada-alcaide-drsmotor12-300x300.jpeg 300w, https:\/\/drsmotor12.com\/wp-content\/uploads\/2024\/10\/inmaculada-alcaide-drsmotor12-150x150.jpeg 150w, https:\/\/drsmotor12.com\/wp-content\/uploads\/2024\/10\/inmaculada-alcaide-drsmotor12-768x768.jpeg 768w, https:\/\/drsmotor12.com\/wp-content\/uploads\/2024\/10\/inmaculada-alcaide-drsmotor12-370x370.jpeg 370w, https:\/\/drsmotor12.com\/wp-content\/uploads\/2024\/10\/inmaculada-alcaide-drsmotor12-120x120.jpeg 120w, https:\/\/drsmotor12.com\/wp-content\/uploads\/2024\/10\/inmaculada-alcaide-drsmotor12-840x840.jpeg 840w, https:\/\/drsmotor12.com\/wp-content\/uploads\/2024\/10\/inmaculada-alcaide-drsmotor12-410x410.jpeg 410w, https:\/\/drsmotor12.com\/wp-content\/uploads\/2024\/10\/inmaculada-alcaide-drsmotor12.jpeg 1080w\" data-sizes=\"(max-width: 1024px) 100vw, 1024px\" title=\"\" src=\"data:image\/svg+xml;base64,PHN2ZyB3aWR0aD0iMSIgaGVpZ2h0PSIxIiB4bWxucz0iaHR0cDovL3d3dy53My5vcmcvMjAwMC9zdmciPjwvc3ZnPg==\" style=\"--smush-placeholder-width: 1024px; --smush-placeholder-aspect-ratio: 1024\/1024;\">\t\t\t\t\t\t\t\t\t\t\t\t\t\t\t<\/div>\n\t\t\t\t<\/div>\n\t\t\t\t\t<\/div>\n\t\t<\/div>\n\t\t\t\t\t<\/div>\n\t\t<\/section>\n\t\t\t\t<div class=\"elementor-element elementor-element-6f2e137 sc_height_huge sc_fly_static elementor-widget elementor-widget-spacer\" data-id=\"6f2e137\" data-element_type=\"widget\" data-widget_type=\"spacer.default\">\n\t\t\t\t<div class=\"elementor-widget-container\">\n\t\t\t\t\t\t\t<div class=\"elementor-spacer\">\n\t\t\t<div class=\"elementor-spacer-inner\"><\/div>\n\t\t<\/div>\n\t\t\t\t\t\t<\/div>\n\t\t\t\t<\/div>\n\t\t\t\t\t<\/div>\n\t\t<\/div>\n\t\t\t\t\t<\/div>\n\t\t<\/section>\n\t\t\t\t<section class=\"elementor-section elementor-top-section elementor-element elementor-element-99afbe7 elementor-section-full_width scheme_default elementor-section-height-default elementor-section-height-default sc_fly_static\" data-id=\"99afbe7\" data-element_type=\"section\" data-settings=\"{&quot;background_background&quot;:&quot;classic&quot;}\">\n\t\t\t\t\t\t<div class=\"elementor-container elementor-column-gap-no\">\n\t\t\t\t\t<div class=\"elementor-column elementor-col-100 elementor-top-column elementor-element elementor-element-2013a5f sc_content_align_inherit sc_layouts_column_icons_position_left sc_fly_static\" data-id=\"2013a5f\" data-element_type=\"column\">\n\t\t\t<div class=\"elementor-widget-wrap elementor-element-populated\">\n\t\t\t\t\t\t<div class=\"elementor-element elementor-element-c98b43e sc_height_large sc_fly_static elementor-widget elementor-widget-spacer\" data-id=\"c98b43e\" data-element_type=\"widget\" data-widget_type=\"spacer.default\">\n\t\t\t\t<div class=\"elementor-widget-container\">\n\t\t\t\t\t\t\t<div class=\"elementor-spacer\">\n\t\t\t<div class=\"elementor-spacer-inner\"><\/div>\n\t\t<\/div>\n\t\t\t\t\t\t<\/div>\n\t\t\t\t<\/div>\n\t\t\t\t<div class=\"elementor-element elementor-element-ccbb422 sc_fly_static elementor-widget elementor-widget-trx_sc_title\" data-id=\"ccbb422\" data-element_type=\"widget\" data-widget_type=\"trx_sc_title.default\">\n\t\t\t\t<div class=\"elementor-widget-container\">\n\t\t\t\t\t<div\t\tclass=\"sc_title sc_title_default\" ><h1 class=\"sc_item_title sc_title_title sc_align_center sc_item_title_style_default sc_item_title_tag\"\n\t\t\t><span class=\"sc_item_title_text\">Qu\u00e9 dicen nuestros clientes<\/span><\/h1><\/div>\t\t\t\t<\/div>\n\t\t\t\t<\/div>\n\t\t\t\t<div class=\"elementor-element elementor-element-6f3065f elementor-widget__width-auto sc_fly_static elementor-widget elementor-widget-shortcode\" data-id=\"6f3065f\" data-element_type=\"widget\" data-widget_type=\"shortcode.default\">\n\t\t\t\t<div class=\"elementor-widget-container\">\n\t\t\t\t\t\t\t<div class=\"elementor-shortcode\"><div class=\"wp-gr rpi wpac\" data-id=\"215\" data-layout=\"slider\" data-exec=\"false\" data-options='{&quot;text_size&quot;:&quot;&quot;,&quot;trans&quot;:{&quot;read more&quot;:&quot;read more&quot;}}'><svg xmlns=\"http:\/\/www.w3.org\/2000\/svg\" style=\"display:none!important\"><symbol id=\"grw-tripadvisor\" viewbox=\"0 0 713.496 713.496\"><g><circle fill=\"#34E0A1\" cx=\"356.749\" cy=\"356.748\" r=\"356.748\"\/><path d=\"M577.095,287.152l43.049-46.836h-95.465c-47.792-32.646-105.51-51.659-167.931-51.659   c-62.342,0-119.899,19.054-167.612,51.659H93.432l43.049,46.836c-26.387,24.075-42.929,58.754-42.929,97.259   c0,72.665,58.914,131.578,131.579,131.578c34.519,0,65.968-13.313,89.446-35.077l42.172,45.919l42.172-45.879   c23.478,21.764,54.887,35.037,89.406,35.037c72.665,0,131.658-58.913,131.658-131.578   C620.024,345.866,603.483,311.188,577.095,287.152z M225.17,473.458c-49.188,0-89.047-39.859-89.047-89.047   s39.86-89.048,89.047-89.048c49.187,0,89.047,39.86,89.047,89.048S274.357,473.458,225.17,473.458z M356.788,381.82   c0-58.595-42.61-108.898-98.853-130.383c30.413-12.716,63.776-19.771,98.813-19.771s68.439,7.055,98.853,19.771   C399.399,272.962,356.788,323.226,356.788,381.82z M488.367,473.458c-49.188,0-89.048-39.859-89.048-89.047   s39.86-89.048,89.048-89.048s89.047,39.86,89.047,89.048S537.554,473.458,488.367,473.458z M488.367,337.694   c-25.79,0-46.677,20.887-46.677,46.677c0,25.789,20.887,46.676,46.677,46.676c25.789,0,46.676-20.887,46.676-46.676   C535.042,358.621,514.156,337.694,488.367,337.694z M271.846,384.411c0,25.789-20.887,46.676-46.676,46.676   s-46.676-20.887-46.676-46.676c0-25.79,20.887-46.677,46.676-46.677C250.959,337.694,271.846,358.621,271.846,384.411z\"\/><\/g><\/symbol><symbol id=\"grw-google\" viewbox=\"0 0 512 512\"><g fill=\"none\" fill-rule=\"evenodd\"><path d=\"M482.56 261.36c0-16.73-1.5-32.83-4.29-48.27H256v91.29h127.01c-5.47 29.5-22.1 54.49-47.09 71.23v59.21h76.27c44.63-41.09 70.37-101.59 70.37-173.46z\" fill=\"#4285f4\"\/><path d=\"M256 492c63.72 0 117.14-21.13 156.19-57.18l-76.27-59.21c-21.13 14.16-48.17 22.53-79.92 22.53-61.47 0-113.49-41.51-132.05-97.3H45.1v61.15c38.83 77.13 118.64 130.01 210.9 130.01z\" fill=\"#34a853\"\/><path d=\"M123.95 300.84c-4.72-14.16-7.4-29.29-7.4-44.84s2.68-30.68 7.4-44.84V150.01H45.1C29.12 181.87 20 217.92 20 256c0 38.08 9.12 74.13 25.1 105.99l78.85-61.15z\" fill=\"#fbbc05\"\/><path d=\"M256 113.86c34.65 0 65.76 11.91 90.22 35.29l67.69-67.69C373.03 43.39 319.61 20 256 20c-92.25 0-172.07 52.89-210.9 130.01l78.85 61.15c18.56-55.78 70.59-97.3 132.05-97.3z\" fill=\"#ea4335\"\/><path d=\"M20 20h472v472H20V20z\"\/><\/g><\/symbol><\/svg><div class=\"grw-row grw-row-m\" data-options='{\"speed\":3,\"autoplay\":false,\"mousestop\":true,\"breakpoints\":\"\"}'><div class=\"grw-header\"><div class=\"grw-header-inner rpi-flx rpi-row12\"><div class=\"grw-img-wrap\"><img loading=\"lazy\" decoding=\"async\" class=\"grw-img\" src=\"https:\/\/lh3.googleusercontent.com\/places\/ANXAkqFgefTg82DkscnYSv8uh04bNC4PSsUeHFWrzAr9PPVK5hHTPiFufVuy9JPpgZAHIgck7H_ryxdq5mieGQMtNxM3JDbpBYLRO3M=s1600-w300-h300\" alt=\"Taller DRS Motor12 place picture\" width=\"50\" height=\"50\" onerror=\"if(this.src!=&#039;data:image\/gif;base64,R0lGODlhAQABAIAAAAAAAP\/\/\/yH5BAEAAAAALAAAAAABAAEAAAIBRAA7&#039;)this.src=&#039;data:image\/gif;base64,R0lGODlhAQABAIAAAAAAAP\/\/\/yH5BAEAAAAALAAAAAABAAEAAAIBRAA7&#039;;\" title=\"\"><\/div><div class=\"rpi-flx rpi-col8\"><div class=\"wp-google-name\"><a href=\"https:\/\/maps.google.com\/?cid=9519362745896119250\" target=\"_blank\" rel=\"nofollow noopener\">Taller DRS Motor12<\/a><\/div><span class=\"rpi-stars\" style=\"--rating:4.4\">4.4<\/span><div class=\"wp-google-based\">Based on 103 reviews<\/div><div class=\"wp-google-powered\">powered by <span><span style=\"color:#3c6df0!important\">G<\/span><span style=\"color:#d93025!important\">o<\/span><span style=\"color:#fb8e28!important\">o<\/span><span style=\"color:#3c6df0!important\">g<\/span><span style=\"color:#188038!important\">l<\/span><span style=\"color:#d93025!important\">e<\/span><\/span><\/div><div class=\"wp-google-wr\"><a href=\"https:\/\/search.google.com\/local\/writereview?placeid=ChIJi66Z8rLwcg0R0qs5TfuRG4Q\" target=\"_blank\" rel=\"nofollow noopener\" onclick=\"return rplg_leave_review_window.call(this)\">review us on<svg height=\"16\" width=\"16\" role=\"none\"><use href=\"#grw-google\"><\/use><\/svg><\/a><\/div><\/div><\/div><\/div><div class=\"rpi-slides-root grw-content\"><div class=\"grw-content-inner\"><button class=\"rpi-ltgt rpi-lt grw-prev\" tabindex=\"0\"><\/button><div class=\"rpi-slides grw-reviews rpi-slides-bite\" data-count=\"3\" data-offset=\"3\"><div class=\"rpi-slide grw-review\"><div class=\"rpi-flx rpi-col12 grw-review-inner grw-backgnd\"><div class=\"rpi-flx rpi-row12-center\"><div class=\"grw-img-wrap\"><img decoding=\"async\" class=\"grw-img lazyload\" data-src=\"https:\/\/lh3.googleusercontent.com\/a-\/ALV-UjVgO2K2WBTJ-7lRExBQGumoBl-ATiopUEHSQSMn5BjKcimEVPs=s128-c0x00000000-cc-rp-mo\" alt=\"Parada GT profile picture\" width=\"50\" height=\"50\" onerror=\"if(this.src!=&#039;https:\/\/drsmotor12.com\/wp-content\/plugins\/widget-google-reviews\/assets\/img\/guest.png&#039;)this.src=&#039;https:\/\/drsmotor12.com\/wp-content\/plugins\/widget-google-reviews\/assets\/img\/guest.png&#039;;\" title=\"\" src=\"data:image\/svg+xml;base64,PHN2ZyB3aWR0aD0iMSIgaGVpZ2h0PSIxIiB4bWxucz0iaHR0cDovL3d3dy53My5vcmcvMjAwMC9zdmciPjwvc3ZnPg==\" style=\"--smush-placeholder-width: 50px; --smush-placeholder-aspect-ratio: 50\/50;\"><\/div><div class=\"rpi-flx rpi-col6\"><a href=\"https:\/\/www.google.com\/maps\/contrib\/111773843683145476581\/reviews\" class=\"wp-google-name\" target=\"_blank\" rel=\"nofollow noopener\">Parada GT<\/a><div class=\"wp-google-time\" data-time=\"1728939378\">20:56 14 Oct 24<\/div><\/div><\/div><span class=\"rpi-stars\" style=\"--rating:5\"><\/span><div class=\"rpi-flx rpi-col4\"><div class=\"wp-google-feedback grw-scroll\" ><span class=\"wp-google-text\">Despu\u00e9s de m\u00e1s de dos meses en el taller Ford y sin poder pasar ITV, Antonio y sus compa\u00f1eros nada m\u00e1s entrar al taller, y OLER el veh\u00edculo ya sab\u00edan cu\u00e1l era el problema!! Me qued\u00e9 impresionado al ver lo profesionales que son, es m\u00e1s se le nota que les gusta su trabajo. De hecho a la ma\u00f1ana siguiente ya ten\u00eda el veh\u00edculo arreglado y encima me comprobaron todo el motor por si estaba correcto, al igual que me recomendaron lo que ten\u00eda que hacer al pasar ITV, cambio de aceite y bujias(mirando para darle larga vida al motor).<br \/>Chapo por ellos, volver\u00e9 sin falta.<\/span><\/div><\/div><svg height=\"16\" width=\"16\" role=\"none\"><use href=\"#grw-google\"\/><\/svg><\/div><\/div><div class=\"rpi-slide grw-review\"><div class=\"rpi-flx rpi-col12 grw-review-inner grw-backgnd\"><div class=\"rpi-flx rpi-row12-center\"><div class=\"grw-img-wrap\"><img decoding=\"async\" class=\"grw-img lazyload\" data-src=\"https:\/\/lh3.googleusercontent.com\/a-\/ALV-UjXpNBw_-W48dp9BGjB9bhiExL9W047m7GWSbgwhOPPF9P3jTiLo=s128-c0x00000000-cc-rp-mo\" alt=\"Jose Garcia Gonzalez (Pepolio) profile picture\" width=\"50\" height=\"50\" onerror=\"if(this.src!=&#039;https:\/\/drsmotor12.com\/wp-content\/plugins\/widget-google-reviews\/assets\/img\/guest.png&#039;)this.src=&#039;https:\/\/drsmotor12.com\/wp-content\/plugins\/widget-google-reviews\/assets\/img\/guest.png&#039;;\" title=\"\" src=\"data:image\/svg+xml;base64,PHN2ZyB3aWR0aD0iMSIgaGVpZ2h0PSIxIiB4bWxucz0iaHR0cDovL3d3dy53My5vcmcvMjAwMC9zdmciPjwvc3ZnPg==\" style=\"--smush-placeholder-width: 50px; --smush-placeholder-aspect-ratio: 50\/50;\"><\/div><div class=\"rpi-flx rpi-col6\"><a href=\"https:\/\/www.google.com\/maps\/contrib\/110998796211749473574\/reviews\" class=\"wp-google-name\" target=\"_blank\" rel=\"nofollow noopener\">Jose Garcia Gonzalez (Pepolio)<\/a><div class=\"wp-google-time\" data-time=\"1728135430\">13:37 05 Oct 24<\/div><\/div><\/div><span class=\"rpi-stars\" style=\"--rating:5\"><\/span><div class=\"rpi-flx rpi-col4\"><div class=\"wp-google-feedback grw-scroll\" ><span class=\"wp-google-text\">Soluciones a los problemas, r\u00e1pido, sencillo y sinceros. Javi es una persona encantadora y mejor profesional el nivel de dedicaci\u00f3n y atenci\u00f3n es de 10.<\/span><\/div><\/div><svg height=\"16\" width=\"16\" role=\"none\"><use href=\"#grw-google\"\/><\/svg><\/div><\/div><div class=\"rpi-slide grw-review\"><div class=\"rpi-flx rpi-col12 grw-review-inner grw-backgnd\"><div class=\"rpi-flx rpi-row12-center\"><div class=\"grw-img-wrap\"><img decoding=\"async\" class=\"grw-img lazyload\" data-src=\"https:\/\/lh3.googleusercontent.com\/a-\/ALV-UjVGLFtuANREBldgdYo8kWG70PXI2h2c4vIW9oFXoZiyRBQIvbVp=s128-c0x00000000-cc-rp-mo-ba5\" alt=\"Mar\u00eda Jos\u00e9 Santaella Gonz\u00e1lez profile picture\" width=\"50\" height=\"50\" onerror=\"if(this.src!=&#039;https:\/\/drsmotor12.com\/wp-content\/plugins\/widget-google-reviews\/assets\/img\/guest.png&#039;)this.src=&#039;https:\/\/drsmotor12.com\/wp-content\/plugins\/widget-google-reviews\/assets\/img\/guest.png&#039;;\" title=\"\" src=\"data:image\/svg+xml;base64,PHN2ZyB3aWR0aD0iMSIgaGVpZ2h0PSIxIiB4bWxucz0iaHR0cDovL3d3dy53My5vcmcvMjAwMC9zdmciPjwvc3ZnPg==\" style=\"--smush-placeholder-width: 50px; --smush-placeholder-aspect-ratio: 50\/50;\"><\/div><div class=\"rpi-flx rpi-col6\"><a href=\"https:\/\/www.google.com\/maps\/contrib\/108598432257518725624\/reviews\" class=\"wp-google-name\" target=\"_blank\" rel=\"nofollow noopener\">Mar\u00eda Jos\u00e9 Santaella Gonz\u00e1lez<\/a><div class=\"wp-google-time\" data-time=\"1728135262\">13:34 05 Oct 24<\/div><\/div><\/div><span class=\"rpi-stars\" style=\"--rating:5\"><\/span><div class=\"rpi-flx rpi-col4\"><div class=\"wp-google-feedback grw-scroll\" ><span class=\"wp-google-text\">Tuve un problema con el coche y par\u00e9 en este taller para buscar ayuda. La verdad que no puedo estar m\u00e1s agradecida, Javi (mec\u00e1nico del taller) me ayud\u00f3 y arregl\u00f3 mi coche. Sin duda volver\u00e9 pues el trato recibido ha sido inmejorable.<\/span><\/div><\/div><svg height=\"16\" width=\"16\" role=\"none\"><use href=\"#grw-google\"\/><\/svg><\/div><\/div><\/div><button class=\"rpi-ltgt rpi-gt grw-next\" tabindex=\"0\"><\/button><div class=\"rpi-dots-wrap\"><div class=\"rpi-dots\"><\/div><\/div><\/div><\/div><\/div><script>(function(p){if(!p)return;let w=p.offsetWidth,m=function(a,b){return Math.min(a,b)===a};p.querySelector('.grw-row').classList.replace('grw-row-m','grw-row-'+(m(w,510)?'xs':m(w,750)?'x':m(w,1100)?'s':m(w,1450)?'m':m(w,1800)?'l':'xl'))})(document.currentScript?.parentElement)<\/script><\/div><\/div>\n\t\t\t\t\t\t<\/div>\n\t\t\t\t<\/div>\n\t\t\t\t<div class=\"elementor-element elementor-element-ade1167 sc_layouts_hide_on_notebook sc_layouts_hide_on_tablet sc_layouts_hide_on_mobile sc_fly_static elementor-widget elementor-widget-spacer\" data-id=\"ade1167\" data-element_type=\"widget\" data-widget_type=\"spacer.default\">\n\t\t\t\t<div class=\"elementor-widget-container\">\n\t\t\t\t\t\t\t<div class=\"elementor-spacer\">\n\t\t\t<div class=\"elementor-spacer-inner\"><\/div>\n\t\t<\/div>\n\t\t\t\t\t\t<\/div>\n\t\t\t\t<\/div>\n\t\t\t\t\t<\/div>\n\t\t<\/div>\n\t\t\t\t\t<\/div>\n\t\t<\/section>\n\t\t\t\t<\/div>","protected":false},"excerpt":{"rendered":"<p>Equipo Qu\u00e9 dicen nuestros clientes<\/p>","protected":false},"author":1,"featured_media":71,"parent":0,"menu_order":0,"comment_status":"closed","ping_status":"closed","template":"","meta":{"_joinchat":[],"footnotes":""},"class_list":["post-46","page","type-page","status-publish","has-post-thumbnail","hentry"],"_links":{"self":[{"href":"https:\/\/drsmotor12.com\/en\/wp-json\/wp\/v2\/pages\/46","targetHints":{"allow":["GET"]}}],"collection":[{"href":"https:\/\/drsmotor12.com\/en\/wp-json\/wp\/v2\/pages"}],"about":[{"href":"https:\/\/drsmotor12.com\/en\/wp-json\/wp\/v2\/types\/page"}],"author":[{"embeddable":true,"href":"https:\/\/drsmotor12.com\/en\/wp-json\/wp\/v2\/users\/1"}],"replies":[{"embeddable":true,"href":"https:\/\/drsmotor12.com\/en\/wp-json\/wp\/v2\/comments?post=46"}],"version-history":[{"count":5,"href":"https:\/\/drsmotor12.com\/en\/wp-json\/wp\/v2\/pages\/46\/revisions"}],"predecessor-version":[{"id":592,"href":"https:\/\/drsmotor12.com\/en\/wp-json\/wp\/v2\/pages\/46\/revisions\/592"}],"wp:featuredmedia":[{"embeddable":true,"href":"https:\/\/drsmotor12.com\/en\/wp-json\/wp\/v2\/media\/71"}],"wp:attachment":[{"href":"https:\/\/drsmotor12.com\/en\/wp-json\/wp\/v2\/media?parent=46"}],"curies":[{"name":"wp","href":"https:\/\/api.w.org\/{rel}","templated":true}]}}