{"id":494,"date":"2024-10-24T05:36:58","date_gmt":"2024-10-24T03:36:58","guid":{"rendered":"https:\/\/drsmotor12.com\/?page_id=494"},"modified":"2024-10-29T11:07:15","modified_gmt":"2024-10-29T10:07:15","slug":"servicios","status":"publish","type":"page","link":"https:\/\/drsmotor12.com\/en\/servicios\/","title":{"rendered":"Servicios"},"content":{"rendered":"<div data-elementor-type=\"wp-page\" data-elementor-id=\"494\" class=\"elementor elementor-494\" data-elementor-post-type=\"page\">\n\t\t\t\t\t\t<section class=\"elementor-section elementor-top-section elementor-element elementor-element-c9f460b elementor-section-full_width elementor-section-height-min-height elementor-section-stretched elementor-section-height-default elementor-section-items-middle sc_fly_static\" data-id=\"c9f460b\" data-element_type=\"section\" data-settings=\"{&quot;background_background&quot;:&quot;classic&quot;,&quot;stretch_section&quot;:&quot;section-stretched&quot;,&quot;background_motion_fx_motion_fx_scrolling&quot;:&quot;yes&quot;,&quot;background_motion_fx_translateY_effect&quot;:&quot;yes&quot;,&quot;background_motion_fx_translateY_speed&quot;:{&quot;unit&quot;:&quot;px&quot;,&quot;size&quot;:6.5,&quot;sizes&quot;:[]},&quot;background_motion_fx_translateY_affectedRange&quot;:{&quot;unit&quot;:&quot;%&quot;,&quot;size&quot;:&quot;&quot;,&quot;sizes&quot;:{&quot;start&quot;:0,&quot;end&quot;:100}},&quot;background_motion_fx_devices&quot;:[&quot;desktop&quot;,&quot;tablet&quot;,&quot;mobile&quot;]}\">\n\t\t\t\t\t\t\t<div class=\"elementor-background-overlay\"><\/div>\n\t\t\t\t\t\t\t<div class=\"elementor-container elementor-column-gap-extended\">\n\t\t\t\t\t<div class=\"elementor-column elementor-col-100 elementor-top-column elementor-element elementor-element-ea8ad0c sc_content_align_inherit sc_layouts_column_icons_position_left sc_fly_static\" data-id=\"ea8ad0c\" data-element_type=\"column\">\n\t\t\t<div class=\"elementor-widget-wrap elementor-element-populated\">\n\t\t\t\t\t\t<div class=\"elementor-element elementor-element-6ac7229 elementor-widget__width-initial sc_fly_static elementor-widget elementor-widget-heading\" data-id=\"6ac7229\" data-element_type=\"widget\" data-widget_type=\"heading.default\">\n\t\t\t\t<div class=\"elementor-widget-container\">\n\t\t\t\t\t<h2 class=\"elementor-heading-title elementor-size-default\">Servicios<\/h2>\t\t\t\t<\/div>\n\t\t\t\t<\/div>\n\t\t\t\t<div class=\"elementor-element elementor-element-757aa1a elementor-align-left sc_fly_static elementor-widget elementor-widget-button\" data-id=\"757aa1a\" data-element_type=\"widget\" data-widget_type=\"button.default\">\n\t\t\t\t<div class=\"elementor-widget-container\">\n\t\t\t\t\t\t\t\t\t<div class=\"elementor-button-wrapper\">\n\t\t\t\t\t<a class=\"elementor-button elementor-button-link elementor-size-sm\" href=\"https:\/\/drsmotor12.com\/en\/cita-previa-taller\/\">\n\t\t\t\t\t\t<span class=\"elementor-button-content-wrapper\">\n\t\t\t\t\t\t<span class=\"elementor-button-icon\">\n\t\t\t\t<svg aria-hidden=\"true\" class=\"e-font-icon-svg e-fas-calendar-day\" viewbox=\"0 0 448 512\" xmlns=\"http:\/\/www.w3.org\/2000\/svg\"><path d=\"M0 464c0 26.5 21.5 48 48 48h352c26.5 0 48-21.5 48-48V192H0v272zm64-192c0-8.8 7.2-16 16-16h96c8.8 0 16 7.2 16 16v96c0 8.8-7.2 16-16 16H80c-8.8 0-16-7.2-16-16v-96zM400 64h-48V16c0-8.8-7.2-16-16-16h-32c-8.8 0-16 7.2-16 16v48H160V16c0-8.8-7.2-16-16-16h-32c-8.8 0-16 7.2-16 16v48H48C21.5 64 0 85.5 0 112v48h448v-48c0-26.5-21.5-48-48-48z\"><\/path><\/svg>\t\t\t<\/span>\n\t\t\t\t\t\t\t\t\t<span class=\"elementor-button-text\">Pida cita<\/span>\n\t\t\t\t\t<\/span>\n\t\t\t\t\t<\/a>\n\t\t\t\t<\/div>\n\t\t\t\t\t\t\t\t<\/div>\n\t\t\t\t<\/div>\n\t\t\t\t\t<\/div>\n\t\t<\/div>\n\t\t\t\t\t<\/div>\n\t\t<\/section>\n\t\t\t\t<section class=\"elementor-section elementor-top-section elementor-element elementor-element-0b117b7 scheme_default elementor-section-full_width elementor-section-height-default elementor-section-height-default sc_fly_static\" data-id=\"0b117b7\" data-element_type=\"section\" data-settings=\"{&quot;background_background&quot;:&quot;classic&quot;}\">\n\t\t\t\t\t\t<div class=\"elementor-container elementor-column-gap-extended\">\n\t\t\t\t\t<div class=\"elementor-column elementor-col-100 elementor-top-column elementor-element elementor-element-81dc73a sc_content_align_inherit sc_layouts_column_icons_position_left sc_fly_static\" data-id=\"81dc73a\" data-element_type=\"column\">\n\t\t\t<div class=\"elementor-widget-wrap elementor-element-populated\">\n\t\t\t\t\t\t<div class=\"elementor-element elementor-element-214d1d5 sc_fly_static elementor-widget elementor-widget-spacer\" data-id=\"214d1d5\" data-element_type=\"widget\" data-widget_type=\"spacer.default\">\n\t\t\t\t<div class=\"elementor-widget-container\">\n\t\t\t\t\t\t\t<div class=\"elementor-spacer\">\n\t\t\t<div class=\"elementor-spacer-inner\"><\/div>\n\t\t<\/div>\n\t\t\t\t\t\t<\/div>\n\t\t\t\t<\/div>\n\t\t\t\t<div data-animation-type=\"sequental\" data-animation-stagger=\"\" class=\"elementor-element elementor-element-ff0b12b animation_type_sequental sc_fly_static elementor-invisible elementor-widget elementor-widget-trx_sc_icons\" data-id=\"ff0b12b\" data-element_type=\"widget\" data-settings=\"{&quot;_animation&quot;:&quot;tuning-fadeinup&quot;,&quot;_animation_delay&quot;:100}\" data-widget_type=\"trx_sc_icons.default\">\n\t\t\t\t<div class=\"elementor-widget-container\">\n\t\t\t\t\t<div \tclass=\"sc_icons sc_icons_divider3 sc_icons_size_medium sc_align_center\" ><div class=\"sc_icons_columns_wrap sc_item_columns trx_addons_columns_wrap columns_padding_bottom columns_in_single_row\" ><div class=\"trx_addons_column-1_5 trx_addons_column-1_2-tablet\"><div class=\"sc_icons_item_wrap\">\n            <div class=\"sc_icons_item\"><div class=\"sc_icons_image\" ><img decoding=\"async\" data-src=\"\/\/drsmotor12.com\/wp-content\/uploads\/2024\/10\/APR-SPAIN-MAIN-LOGO-e1729254338215.png\" alt=\"Icon\" width=\"259\" height=\"100\" title=\"\" src=\"data:image\/svg+xml;base64,PHN2ZyB3aWR0aD0iMSIgaGVpZ2h0PSIxIiB4bWxucz0iaHR0cDovL3d3dy53My5vcmcvMjAwMC9zdmciPjwvc3ZnPg==\" class=\"lazyload\" style=\"--smush-placeholder-width: 259px; --smush-placeholder-aspect-ratio: 259\/100;\"><\/div><div class=\"sc_icons_item_details\"><h4 class=\"sc_icons_item_title\"><span>Distribuidor APR<\/span><\/h4><div class=\"sc_icons_item_description\"><span>Distribuidor APR goapr.com para M\u00e1laga y provincia<\/span><\/div><\/div><\/div>\n        <\/div><\/div><div class=\"trx_addons_column-1_5 trx_addons_column-1_2-tablet\"><div class=\"sc_icons_item_wrap\">\n            <div class=\"sc_icons_item sc_icons_item_linked\"><div class=\"sc_icons_icon sc_icon_type_ icon-wrench-1\" ><span class=\"sc_icon_type_ icon-wrench-1\"><\/span><\/div><div class=\"sc_icons_item_details\"><h4 class=\"sc_icons_item_title\"><a href=\"https:\/\/drsmotor12.com\/en\/mantenimiento-general\/\">\n                                        Mantenimiento general                                        <\/a><\/h4><div class=\"sc_icons_item_description\"><span>Especialistas en la revisi\u00f3n y mantenimiento de veh\u00edculos<\/span><\/div><a href=\"https:\/\/drsmotor12.com\/en\/mantenimiento-general\/\"\n                            class=\"sc_icons_item_link\">\n                            <\/a><\/div><\/div>\n        <\/div><\/div><div class=\"trx_addons_column-1_5 trx_addons_column-1_2-tablet\"><div class=\"sc_icons_item_wrap\">\n            <div class=\"sc_icons_item sc_icons_item_linked\"><div class=\"sc_icons_icon sc_icon_type_ icon-piston\" ><span class=\"sc_icon_type_ icon-piston\"><\/span><\/div><div class=\"sc_icons_item_details\"><h4 class=\"sc_icons_item_title\"><a href=\"https:\/\/drsmotor12.com\/en\/mecanica-general\/\">\n                                        Mec\u00e1nica general                                        <\/a><\/h4><div class=\"sc_icons_item_description\"><span>Especialistas en reparaci\u00f3n de motores, Diagnosis, M\u00e1quinas de gases, Carga de Aire Acondicionado<\/span><\/div><a href=\"https:\/\/drsmotor12.com\/en\/mecanica-general\/\"\n                            class=\"sc_icons_item_link\">\n                            <\/a><\/div><\/div>\n        <\/div><\/div><div class=\"trx_addons_column-1_5 trx_addons_column-1_2-tablet\"><div class=\"sc_icons_item_wrap\">\n            <div class=\"sc_icons_item sc_icons_item_linked\"><div class=\"sc_icons_icon sc_icon_type_ icon-accumulator\" ><span class=\"sc_icon_type_ icon-accumulator\"><\/span><\/div><div class=\"sc_icons_item_details\"><h4 class=\"sc_icons_item_title\"><a href=\"https:\/\/drsmotor12.com\/en\/reparacion-de-los-sistemas-electronicos-y-electricos-del-vehiculo\/\">\n                                        Servicio de diagn\u00f3sis el\u00e9ctrico y electr\u00f3nico                                        <\/a><\/h4><div class=\"sc_icons_item_description\"><span>Taller especializado en Sistemas de Electr\u00f3nica y Electricidad<\/span><\/div><a href=\"https:\/\/drsmotor12.com\/en\/reparacion-de-los-sistemas-electronicos-y-electricos-del-vehiculo\/\"\n                            class=\"sc_icons_item_link\">\n                            <\/a><\/div><\/div>\n        <\/div><\/div><div class=\"trx_addons_column-1_5 trx_addons_column-1_2-tablet\"><div class=\"sc_icons_item_wrap\">\n            <div class=\"sc_icons_item\"><div class=\"sc_icons_image\" ><img decoding=\"async\" data-src=\"\/\/drsmotor12.com\/wp-content\/uploads\/2024\/10\/zf-atermarket.png\" alt=\"Icon\" width=\"284\" height=\"56\" title=\"\" src=\"data:image\/svg+xml;base64,PHN2ZyB3aWR0aD0iMSIgaGVpZ2h0PSIxIiB4bWxucz0iaHR0cDovL3d3dy53My5vcmcvMjAwMC9zdmciPjwvc3ZnPg==\" class=\"lazyload\" style=\"--smush-placeholder-width: 284px; --smush-placeholder-aspect-ratio: 284\/56;\"><\/div><div class=\"sc_icons_item_details\"><h4 class=\"sc_icons_item_title\"><span>Centro ZFPROTECH<\/span><\/h4><div class=\"sc_icons_item_description\"><span>Centro oficial ZFProtech para M\u00e1laga y provincia<\/span><\/div><\/div><\/div>\n        <\/div><\/div><\/div><\/div><!-- \/.sc_icons -->\t\t\t\t<\/div>\n\t\t\t\t<\/div>\n\t\t\t\t<div class=\"elementor-element elementor-element-73ac035 sc_fly_static elementor-widget elementor-widget-spacer\" data-id=\"73ac035\" data-element_type=\"widget\" data-widget_type=\"spacer.default\">\n\t\t\t\t<div class=\"elementor-widget-container\">\n\t\t\t\t\t\t\t<div class=\"elementor-spacer\">\n\t\t\t<div class=\"elementor-spacer-inner\"><\/div>\n\t\t<\/div>\n\t\t\t\t\t\t<\/div>\n\t\t\t\t<\/div>\n\t\t\t\t\t<\/div>\n\t\t<\/div>\n\t\t\t\t\t<\/div>\n\t\t<\/section>\n\t\t\t\t<section class=\"elementor-section elementor-top-section elementor-element elementor-element-29d637b elementor-section-full_width elementor-section-height-default elementor-section-height-default sc_fly_static\" data-id=\"29d637b\" data-element_type=\"section\">\n\t\t\t\t\t\t<div class=\"elementor-container elementor-column-gap-extended\">\n\t\t\t\t\t<div class=\"elementor-column elementor-col-100 elementor-top-column elementor-element elementor-element-de1414e scheme_light sc_content_align_inherit sc_layouts_column_icons_position_left sc_fly_static\" data-id=\"de1414e\" data-element_type=\"column\">\n\t\t\t<div class=\"elementor-widget-wrap elementor-element-populated\">\n\t\t\t\t\t\t<div class=\"elementor-element elementor-element-474cb92 sc_fly_static elementor-widget elementor-widget-heading\" data-id=\"474cb92\" data-element_type=\"widget\" data-widget_type=\"heading.default\">\n\t\t\t\t<div class=\"elementor-widget-container\">\n\t\t\t\t\t<h2 class=\"elementor-heading-title elementor-size-default\">Localizaci\u00f3n<\/h2>\t\t\t\t<\/div>\n\t\t\t\t<\/div>\n\t\t\t\t<div class=\"elementor-element elementor-element-af197a5 sc_fly_static elementor-widget elementor-widget-google_maps\" data-id=\"af197a5\" data-element_type=\"widget\" data-widget_type=\"google_maps.default\">\n\t\t\t\t<div class=\"elementor-widget-container\">\n\t\t\t\t\t\t\t<div class=\"elementor-custom-embed\">\n\t\t\t<iframe\n\t\t\t\t\tdata-src=\"https:\/\/maps.google.com\/maps?q=C.%20Quilla%2C%2037%2C%20Cruz%20de%20Humilladero%2C%2029006%20M%C3%A1laga%2C%20Espa%C3%B1a&#038;t=m&#038;z=14&#038;output=embed&#038;iwloc=near\"\n\t\t\t\t\ttitle=\"C. Quilla, 37, Cruz de Humilladero, 29006 M\u00e1laga, Espa\u00f1a\"\n\t\t\t\t\taria-label=\"C. Quilla, 37, Cruz de Humilladero, 29006 M\u00e1laga, Espa\u00f1a\"\n\t\t\t src=\"data:image\/svg+xml;base64,PHN2ZyB3aWR0aD0iMSIgaGVpZ2h0PSIxIiB4bWxucz0iaHR0cDovL3d3dy53My5vcmcvMjAwMC9zdmciPjwvc3ZnPg==\" class=\"lazyload\" data-load-mode=\"1\"><\/iframe>\n\t\t<\/div>\n\t\t\t\t\t\t<\/div>\n\t\t\t\t<\/div>\n\t\t\t\t\t<\/div>\n\t\t<\/div>\n\t\t\t\t\t<\/div>\n\t\t<\/section>\n\t\t\t\t<\/div>","protected":false},"excerpt":{"rendered":"<p>Servicios Pida cita Distribuidor APR Distribuidor APR goapr.com para M\u00e1laga y provincia Mantenimiento general Especialistas en la revisi\u00f3n y mantenimiento de veh\u00edculos Mec\u00e1nica general Especialistas en reparaci\u00f3n de motores, Diagnosis,&hellip;<\/p>","protected":false},"author":1,"featured_media":496,"parent":0,"menu_order":0,"comment_status":"closed","ping_status":"closed","template":"","meta":{"_joinchat":[],"footnotes":""},"class_list":["post-494","page","type-page","status-publish","has-post-thumbnail","hentry"],"_links":{"self":[{"href":"https:\/\/drsmotor12.com\/en\/wp-json\/wp\/v2\/pages\/494","targetHints":{"allow":["GET"]}}],"collection":[{"href":"https:\/\/drsmotor12.com\/en\/wp-json\/wp\/v2\/pages"}],"about":[{"href":"https:\/\/drsmotor12.com\/en\/wp-json\/wp\/v2\/types\/page"}],"author":[{"embeddable":true,"href":"https:\/\/drsmotor12.com\/en\/wp-json\/wp\/v2\/users\/1"}],"replies":[{"embeddable":true,"href":"https:\/\/drsmotor12.com\/en\/wp-json\/wp\/v2\/comments?post=494"}],"version-history":[{"count":5,"href":"https:\/\/drsmotor12.com\/en\/wp-json\/wp\/v2\/pages\/494\/revisions"}],"predecessor-version":[{"id":746,"href":"https:\/\/drsmotor12.com\/en\/wp-json\/wp\/v2\/pages\/494\/revisions\/746"}],"wp:featuredmedia":[{"embeddable":true,"href":"https:\/\/drsmotor12.com\/en\/wp-json\/wp\/v2\/media\/496"}],"wp:attachment":[{"href":"https:\/\/drsmotor12.com\/en\/wp-json\/wp\/v2\/media?parent=494"}],"curies":[{"name":"wp","href":"https:\/\/api.w.org\/{rel}","templated":true}]}}